{"id":257,"date":"2025-08-31T23:06:23","date_gmt":"2025-08-31T21:06:23","guid":{"rendered":"https:\/\/marynino.pl\/?page_id=257"},"modified":"2025-09-03T22:06:43","modified_gmt":"2025-09-03T20:06:43","slug":"oferta","status":"publish","type":"page","link":"https:\/\/marynino.pl\/?page_id=257","title":{"rendered":"Oferta"},"content":{"rendered":"\t\t<div data-elementor-type=\"wp-page\" data-elementor-id=\"257\" class=\"elementor elementor-257\">\n\t\t\t\t<div class=\"elementor-element elementor-element-4ab485a5 e-flex e-con-boxed e-con e-parent\" data-id=\"4ab485a5\" data-element_type=\"container\" data-e-type=\"container\">\n\t\t\t\t\t<div class=\"e-con-inner\">\n\t\t\t\t<div class=\"elementor-element elementor-element-48d4f005 elementor-widget elementor-widget-text-editor\" data-id=\"48d4f005\" data-element_type=\"widget\" data-e-type=\"widget\" data-widget_type=\"text-editor.default\">\n\t\t\t\t\t\t\t\t\t\n<p><em>Nasz sad rodzi wiele rodzaj\u00f3w owoc\u00f3w i r\u00f3\u017cne ich odmiany.<\/em><\/p>\n<p>W\u015br\u00f3d <strong>czere\u015bni<\/strong> posiadamy owoce odmiany Vanda, Sylvia, Early Korvik, Kasandra, Horka, Roksana, Liliana, Grace Star, Summit, Kordia, Regina, Fabiola.<\/p>\n<p>Mi\u0142o\u015bnicy <strong>wi\u015bni<\/strong> znajd\u0105 w naszym sadzie s\u0142odsze odmiany, takie jak Debreceni Botermo, Pandy 103 czy Groniasta z Ujfehertoi.<\/p>\n<p>W\u015br\u00f3d <strong>\u015bliw<\/strong> najwcze\u015bniej zaczynaj\u0105 dojrzewa\u0107 owoce Kalipso, nast\u0119pnie Cacanska Rana, W\u0119gierka D\u0105browicka, Cacanska Lepotica, Amers (potocznie nazywany Mieszaniec), Haganta, Tophit czy klasyczna W\u0119gierka Zwyk\u0142a.<\/p>\n<p><strong>Jab\u0142onie<\/strong> to mi\u0119dzy innymi Piros, Delikates, Rubin, Lobo, Cortland, Szampion, Jonagored, Jonagold, Decosta, Ligol, Alwa, Rubinstar, Honeygold, Topaz oraz Idared.<\/p>\n<p>Smakoszy <strong>gruszek<\/strong> zapraszamy nie tylko na klasyczne odmiany takie jak Faworytka (Klapsa) czy Konferencja, ale tak\u017ce Bonkreta Williamsa (Micha\u0142ka), Patten, Triumf Packhama, Lukas\u00f3wka oraz Genera\u0142 Leclerc.<\/p>\n<p>Dodatkowo proponujemy jeszcze jeden owoc naszych upraw, jakim jest <strong>orzech w\u0142oski<\/strong>.<\/p>\n\t\t\t\t\t\t\t\t<\/div>\n\t\t\t\t\t<\/div>\n\t\t\t\t<\/div>\n\t\t\t\t<\/div>\n\t\t","protected":false},"excerpt":{"rendered":"<p>Nasz sad rodzi wiele rodzaj\u00f3w owoc\u00f3w i r\u00f3\u017cne ich odmiany. W\u015br\u00f3d czere\u015bni posiadamy owoce odmiany Vanda, Sylvia, Early Korvik, Kasandra, Horka, Roksana, Liliana, Grace Star, Summit, Kordia, Regina, Fabiola. Mi\u0142o\u015bnicy wi\u015bni znajd\u0105 w naszym sadzie s\u0142odsze odmiany, takie jak Debreceni Botermo, Pandy 103 czy Groniasta z Ujfehertoi. W\u015br\u00f3d \u015bliw najwcze\u015bniej zaczynaj\u0105 dojrzewa\u0107 owoce Kalipso, nast\u0119pnie &#8230; <a title=\"Oferta\" class=\"read-more\" href=\"https:\/\/marynino.pl\/?page_id=257\" aria-label=\"Dowiedz si\u0119 wi\u0119cej o Oferta\">Dowiedz si\u0119 wi\u0119cej<\/a><\/p>\n","protected":false},"author":2,"featured_media":0,"parent":0,"menu_order":0,"comment_status":"closed","ping_status":"closed","template":"","meta":{"_regular_price":[],"currency_symbol":[],"ngg_post_thumbnail":0,"footnotes":""},"class_list":["post-257","page","type-page","status-publish"],"post_slider_layout_featured_media_urls":{"thumbnail":"","post_slider_layout_landscape_large":"","post_slider_layout_portrait_large":"","post_slider_layout_square_large":"","post_slider_layout_landscape":"","post_slider_layout_portrait":"","post_slider_layout_square":"","full":""},"_links":{"self":[{"href":"https:\/\/marynino.pl\/index.php?rest_route=\/wp\/v2\/pages\/257","targetHints":{"allow":["GET"]}}],"collection":[{"href":"https:\/\/marynino.pl\/index.php?rest_route=\/wp\/v2\/pages"}],"about":[{"href":"https:\/\/marynino.pl\/index.php?rest_route=\/wp\/v2\/types\/page"}],"author":[{"embeddable":true,"href":"https:\/\/marynino.pl\/index.php?rest_route=\/wp\/v2\/users\/2"}],"replies":[{"embeddable":true,"href":"https:\/\/marynino.pl\/index.php?rest_route=%2Fwp%2Fv2%2Fcomments&post=257"}],"version-history":[{"count":11,"href":"https:\/\/marynino.pl\/index.php?rest_route=\/wp\/v2\/pages\/257\/revisions"}],"predecessor-version":[{"id":344,"href":"https:\/\/marynino.pl\/index.php?rest_route=\/wp\/v2\/pages\/257\/revisions\/344"}],"wp:attachment":[{"href":"https:\/\/marynino.pl\/index.php?rest_route=%2Fwp%2Fv2%2Fmedia&parent=257"}],"curies":[{"name":"wp","href":"https:\/\/api.w.org\/{rel}","templated":true}]}}