{"id":51,"date":"2025-08-31T20:19:06","date_gmt":"2025-08-31T18:19:06","guid":{"rendered":"https:\/\/marynino.pl\/?page_id=51"},"modified":"2025-09-03T22:26:40","modified_gmt":"2025-09-03T20:26:40","slug":"homepage","status":"publish","type":"page","link":"https:\/\/marynino.pl\/","title":{"rendered":"Witamy!"},"content":{"rendered":"\t\t<div data-elementor-type=\"wp-page\" data-elementor-id=\"51\" class=\"elementor elementor-51\">\n\t\t\t\t<div class=\"elementor-element elementor-element-64db6aa9 e-flex e-con-boxed e-con e-parent\" data-id=\"64db6aa9\" data-element_type=\"container\" data-e-type=\"container\">\n\t\t\t\t\t<div class=\"e-con-inner\">\n\t\t\t\t<div class=\"elementor-element elementor-element-56881f68 elementor-widget elementor-widget-text-editor\" data-id=\"56881f68\" data-element_type=\"widget\" data-e-type=\"widget\" data-widget_type=\"text-editor.default\">\n\t\t\t\t\t\t\t\t\t\n<div class=\"wp-block-ive-ibtana-visual-editorheading\">\n<div class=\"ive-advanced-text-wrap ive-div-advance-text_4a800c-dd undefined text-center text-md-center text-lg-start text-xl-start\">\u00a0<\/div>\n<\/div>\n<p><strong>Nasz\u0105 pasj\u0105 s\u0105 owoce.<\/strong><\/p>\n<p>Od trzech pokole\u0144 prowadzimy rodzinny sad owocowy w Maryninie, malowniczo po\u0142o\u017conym pod Serockiem. Z pokolenia na pokolenie przekazujemy sobie wiedz\u0119 o uprawie drzew i mi\u0142o\u015b\u0107 do sadownictwa \u2013 dzi\u0119ki temu nasze owoce wyrastaj\u0105 w atmosferze tradycji, pasji i szacunku do natury. <strong>Sad Marynino<\/strong> to miejsce, gdzie historia i nowoczesno\u015b\u0107 splataj\u0105 si\u0119 ze sob\u0105: kontynuujemy dzie\u0142o dziadk\u00f3w, jednocze\u015bnie stosuj\u0105c wsp\u00f3\u0142czesne, przyjazne \u015brodowisku metody uprawy. Rezultatem s\u0105 zdrowe, soczyste owoce najwy\u017cszej jako\u015bci, kt\u00f3rym zaufa\u0142o ju\u017c wielu klient\u00f3w w okolicy.<\/p>\n<p><strong>R\u00f3\u017cnorodno\u015b\u0107 prosto z sadu<\/strong><\/p>\n<p>Nasz rodzinny sad rodzi bogactwo r\u00f3\u017cnych gatunk\u00f3w owoc\u00f3w \u2013 od jab\u0142ek i gruszek, przez \u015bliwki, po wi\u015bnie oraz czere\u015bnie \u2013 w kilkudziesi\u0119ciu smacznych odmianach. Dbamy o to, by ka\u017cdy mi\u0142o\u015bnik \u015bwie\u017cych owoc\u00f3w znalaz\u0142 u nas co\u015b dla siebie.<\/p>\n<p><strong>Tradycja, jako\u015b\u0107 i zaufanie<\/strong><\/p>\n<p>Rodzinny charakter naszego gospodarstwa sprawia, \u017ce do ka\u017cdego drzewa i ka\u017cdego owocu podchodzimy z sercem. Nie jeste\u015bmy wielk\u0105 przemys\u0142ow\u0105 plantacj\u0105 \u2013 nasz sad to nasz dom i dziedzictwo, o kt\u00f3re troszczymy si\u0119 ka\u017cdego dnia. <strong>Tradycja<\/strong> zobowi\u0105zuje nas do utrzymania najwy\u017cszej jako\u015bci: wiele czynno\u015bci w sadzie wykonujemy r\u0119cznie, tak jak robili to nasi rodzice i dziadkowie, by mie\u0107 pewno\u015b\u0107, \u017ce owoce zbierane s\u0105 w optymalnym momencie dojrza\u0142o\u015bci. Jednocze\u015bnie korzystamy z <strong>nowoczesnej wiedzy<\/strong> sadowniczej \u2013 chronimy nasze uprawy w spos\u00f3b zr\u00f3wnowa\u017cony i przyjazny pszczo\u0142om, dbaj\u0105c o bior\u00f3\u017cnorodno\u015b\u0107 w otoczeniu sadu. Dzi\u0119ki temu nasze jab\u0142ka, gruszki czy \u015bliwki s\u0105 nie tylko smaczne, lecz tak\u017ce bezpieczne dla Ciebie i Twojej rodziny.<\/p>\n<p>Zaufanie klient\u00f3w budujemy od dekad \u2013 wielu z nich zaopatruje si\u0119 u nas w owoce od lat, polecaj\u0105c Sad Marynino kolejnym pokoleniom. Nasze owoce mo\u017cna spotka\u0107 na lokalnych targach i w okolicznych sklepach, a my sami ch\u0119tnie wspieramy lokalne inicjatywy. Cieszymy si\u0119, gdy mo\u017cemy podzieli\u0107 si\u0119 naszym do\u015bwiadczeniem \u2013 czy to podczas festyn\u00f3w w gminie Serock, czy przy oprowadzaniu go\u015bci po kwitn\u0105cym sadzie. Ka\u017cde drzewo w naszym sadzie ma swoj\u0105 histori\u0119, a my z dum\u0105 t\u0119 histori\u0119 opowiadamy, cz\u0119stuj\u0105c przy tym pachn\u0105cymi owocami prosto z ga\u0142\u0119zi.<\/p>\n<p><strong>Zapraszamy do kontaktu i odwiedzin<\/strong><\/p>\n<p>Serdecznie zapraszamy Was do <strong>Sadu Marynino<\/strong> \u2013 miejsca, gdzie pasja do owoc\u00f3w \u0142\u0105czy si\u0119 z rodzinn\u0105 go\u015bcinno\u015bci\u0105. Je\u015bli szukacie \u015bwie\u017cych, pysznych owoc\u00f3w prosto od producenta, jeste\u015bcie we w\u0142a\u015bciwym miejscu. Mo\u017cna u nas zam\u00f3wi\u0107 owoce w hurcie i detalu, a tak\u017ce kupi\u0107 je na miejscu, prosto z sadu \u2013 zawsze \u015bwie\u017co zebrane i starannie wyselekcjonowane.<\/p>\n<p>Chcecie nas lepiej pozna\u0107? Skontaktujcie si\u0119 z nami lub po prostu przyjed\u017acie do Marynina pod Serockiem. Z przyjemno\u015bci\u0105 oprowadzimy Was po naszym sadzie, opowiemy o naszych drzewach i pozwolimy zasmakowa\u0107 owoc\u00f3w, kt\u00f3re s\u0105 nasz\u0105 dum\u0105. <strong>Nasz\u0105 pasj\u0105 s\u0105 owoce<\/strong> \u2013 przyjed\u017acie i przekonajcie si\u0119 o tym osobi\u015bcie. Czekamy na Was z otwartymi ramionami i koszami pe\u0142nymi natury!<\/p>\n\n<p>\u00a0<\/p>\n\n<figure class=\"wp-block-image size-large\"><img fetchpriority=\"high\" decoding=\"async\" width=\"1024\" height=\"683\" class=\"wp-image-210\" src=\"https:\/\/marynino.pl\/wp-content\/uploads\/2025\/08\/20250831_2210_Sad-z-Jabloniami_simple_compose_01k40vxhcweecb7rseedyczry8-1024x683.jpg\" alt=\"\" srcset=\"https:\/\/marynino.pl\/wp-content\/uploads\/2025\/08\/20250831_2210_Sad-z-Jabloniami_simple_compose_01k40vxhcweecb7rseedyczry8-1024x683.jpg 1024w, https:\/\/marynino.pl\/wp-content\/uploads\/2025\/08\/20250831_2210_Sad-z-Jabloniami_simple_compose_01k40vxhcweecb7rseedyczry8-300x200.jpg 300w, https:\/\/marynino.pl\/wp-content\/uploads\/2025\/08\/20250831_2210_Sad-z-Jabloniami_simple_compose_01k40vxhcweecb7rseedyczry8-768x512.jpg 768w, https:\/\/marynino.pl\/wp-content\/uploads\/2025\/08\/20250831_2210_Sad-z-Jabloniami_simple_compose_01k40vxhcweecb7rseedyczry8-1200x800.jpg 1200w, https:\/\/marynino.pl\/wp-content\/uploads\/2025\/08\/20250831_2210_Sad-z-Jabloniami_simple_compose_01k40vxhcweecb7rseedyczry8-600x400.jpg 600w, https:\/\/marynino.pl\/wp-content\/uploads\/2025\/08\/20250831_2210_Sad-z-Jabloniami_simple_compose_01k40vxhcweecb7rseedyczry8.jpg 1536w\" sizes=\"(max-width: 1024px) 100vw, 1024px\" \/><\/figure>\n\n<p><em>Widok na rz\u0119dy jab\u0142oni w rodzinnym Sadzie Marynino \u2013 tutaj ka\u017cda pora roku ma sw\u00f3j urok, od wiosennego kwitnienia po jesienny czas zbior\u00f3w.<\/em><\/p>\n\n<p>\u00a0<\/p>\n\t\t\t\t\t\t\t\t<\/div>\n\t\t\t\t\t<\/div>\n\t\t\t\t<\/div>\n\t\t\t\t<\/div>\n\t\t","protected":false},"excerpt":{"rendered":"<p>\u00a0 Widok na rz\u0119dy jab\u0142oni w rodzinnym Sadzie Marynino \u2013 tutaj ka\u017cda pora roku ma sw\u00f3j urok, od wiosennego kwitnienia po jesienny czas zbior\u00f3w. \u00a0<\/p>\n","protected":false},"author":2,"featured_media":0,"parent":0,"menu_order":0,"comment_status":"closed","ping_status":"closed","template":"","meta":{"_regular_price":[],"currency_symbol":[],"ngg_post_thumbnail":0,"footnotes":""},"class_list":["post-51","page","type-page","status-publish"],"post_slider_layout_featured_media_urls":{"thumbnail":"","post_slider_layout_landscape_large":"","post_slider_layout_portrait_large":"","post_slider_layout_square_large":"","post_slider_layout_landscape":"","post_slider_layout_portrait":"","post_slider_layout_square":"","full":""},"_links":{"self":[{"href":"https:\/\/marynino.pl\/index.php?rest_route=\/wp\/v2\/pages\/51","targetHints":{"allow":["GET"]}}],"collection":[{"href":"https:\/\/marynino.pl\/index.php?rest_route=\/wp\/v2\/pages"}],"about":[{"href":"https:\/\/marynino.pl\/index.php?rest_route=\/wp\/v2\/types\/page"}],"author":[{"embeddable":true,"href":"https:\/\/marynino.pl\/index.php?rest_route=\/wp\/v2\/users\/2"}],"replies":[{"embeddable":true,"href":"https:\/\/marynino.pl\/index.php?rest_route=%2Fwp%2Fv2%2Fcomments&post=51"}],"version-history":[{"count":36,"href":"https:\/\/marynino.pl\/index.php?rest_route=\/wp\/v2\/pages\/51\/revisions"}],"predecessor-version":[{"id":332,"href":"https:\/\/marynino.pl\/index.php?rest_route=\/wp\/v2\/pages\/51\/revisions\/332"}],"wp:attachment":[{"href":"https:\/\/marynino.pl\/index.php?rest_route=%2Fwp%2Fv2%2Fmedia&parent=51"}],"curies":[{"name":"wp","href":"https:\/\/api.w.org\/{rel}","templated":true}]}}